{"id":2767,"date":"2026-01-15T06:08:24","date_gmt":"2026-01-15T06:08:24","guid":{"rendered":"https:\/\/naroomamachinery.ie\/pobierz-cennik\/"},"modified":"2026-02-02T18:28:25","modified_gmt":"2026-02-02T18:28:25","slug":"pobierz-cennik","status":"publish","type":"page","link":"https:\/\/naroomamachinery.ie\/pl\/pobierz-cennik\/","title":{"rendered":"Pobierz cennik"},"content":{"rendered":"\t\t<div data-elementor-type=\"wp-page\" data-elementor-id=\"2767\" class=\"elementor elementor-2767 elementor-1052\" data-elementor-post-type=\"page\">\n\t\t\t\t<div class=\"elementor-element elementor-element-d24abba e-flex e-con-boxed e-con e-parent\" data-id=\"d24abba\" data-element_type=\"container\" data-e-type=\"container\" data-settings=\"{&quot;background_background&quot;:&quot;classic&quot;}\">\n\t\t\t\t\t<div class=\"e-con-inner\">\n\t\t<div class=\"elementor-element elementor-element-23e6861 animated-fast e-con-full e-flex elementor-invisible e-con e-child\" data-id=\"23e6861\" data-element_type=\"container\" data-e-type=\"container\" data-settings=\"{&quot;animation&quot;:&quot;fadeIn&quot;,&quot;animation_delay&quot;:300}\">\n\t\t\t\t<div class=\"elementor-element elementor-element-6d8ba73 elementor-widget elementor-widget-spacer\" data-id=\"6d8ba73\" data-element_type=\"widget\" data-e-type=\"widget\" data-widget_type=\"spacer.default\">\n\t\t\t\t\t\t\t<div class=\"elementor-spacer\">\n\t\t\t<div class=\"elementor-spacer-inner\"><\/div>\n\t\t<\/div>\n\t\t\t\t\t\t<\/div>\n\t\t\t\t<div class=\"elementor-element elementor-element-45ab0fa elementor-widget elementor-widget-heading\" data-id=\"45ab0fa\" data-element_type=\"widget\" data-e-type=\"widget\" data-widget_type=\"heading.default\">\n\t\t\t\t\t<h2 class=\"elementor-heading-title elementor-size-default\">Download Price List<\/h2>\t\t\t\t<\/div>\n\t\t\t\t<div class=\"elementor-element elementor-element-4b5679e elementor-widget elementor-widget-spacer\" data-id=\"4b5679e\" data-element_type=\"widget\" data-e-type=\"widget\" data-widget_type=\"spacer.default\">\n\t\t\t\t\t\t\t<div class=\"elementor-spacer\">\n\t\t\t<div class=\"elementor-spacer-inner\"><\/div>\n\t\t<\/div>\n\t\t\t\t\t\t<\/div>\n\t\t\t\t<\/div>\n\t\t<div class=\"elementor-element elementor-element-49593c8 e-con-full e-flex e-con e-child\" data-id=\"49593c8\" data-element_type=\"container\" data-e-type=\"container\">\n\t\t\t\t<\/div>\n\t\t\t\t\t<\/div>\n\t\t\t\t<\/div>\n\t\t<div class=\"elementor-element elementor-element-f9d2b7a e-flex e-con-boxed e-con e-parent\" data-id=\"f9d2b7a\" data-element_type=\"container\" data-e-type=\"container\" data-settings=\"{&quot;background_background&quot;:&quot;classic&quot;}\">\n\t\t\t\t\t<div class=\"e-con-inner\">\n\t\t<div class=\"elementor-element elementor-element-a1f270d animated-fast e-con-full e-flex elementor-invisible e-con e-child\" data-id=\"a1f270d\" data-element_type=\"container\" data-e-type=\"container\" data-settings=\"{&quot;animation&quot;:&quot;fadeIn&quot;,&quot;animation_delay&quot;:300}\">\n\t\t\t\t<div class=\"elementor-element elementor-element-0e245df elementor-button-align-start elementor-widget elementor-widget-form\" data-id=\"0e245df\" data-element_type=\"widget\" data-e-type=\"widget\" data-settings=\"{&quot;step_next_label&quot;:&quot;Dalej&quot;,&quot;step_previous_label&quot;:&quot;Poprzedni&quot;,&quot;button_width&quot;:&quot;100&quot;,&quot;step_type&quot;:&quot;number_text&quot;,&quot;step_icon_shape&quot;:&quot;circle&quot;}\" data-widget_type=\"form.default\">\n\t\t\t\t\t\t\t<form class=\"elementor-form\" method=\"post\" name=\"Formularz kontaktowy\" aria-label=\"Formularz kontaktowy\">\n\t\t\t<input type=\"hidden\" name=\"post_id\" value=\"2767\"\/>\n\t\t\t<input type=\"hidden\" name=\"form_id\" value=\"0e245df\"\/>\n\t\t\t<input type=\"hidden\" name=\"referer_title\" value=\"Narooma Machinery\" \/>\n\n\t\t\t\n\t\t\t<div class=\"elementor-form-fields-wrapper elementor-labels-above\">\n\t\t\t\t\t\t\t\t<div class=\"elementor-field-type-text elementor-field-group elementor-column elementor-field-group-name elementor-col-50\">\n\t\t\t\t\t\t\t\t\t\t\t\t<label for=\"form-field-name\" class=\"elementor-field-label\">\n\t\t\t\t\t\t\t\tImi\u0119\t\t\t\t\t\t\t<\/label>\n\t\t\t\t\t\t\t\t\t\t\t\t\t\t<input size=\"1\" type=\"text\" name=\"form_fields[name]\" id=\"form-field-name\" class=\"elementor-field elementor-size-md  elementor-field-textual\">\n\t\t\t\t\t\t\t\t\t\t\t<\/div>\n\t\t\t\t\t\t\t\t<div class=\"elementor-field-type-text elementor-field-group elementor-column elementor-field-group-field_7034907 elementor-col-50\">\n\t\t\t\t\t\t\t\t\t\t\t\t<label for=\"form-field-field_7034907\" class=\"elementor-field-label\">\n\t\t\t\t\t\t\t\tNazwisko\t\t\t\t\t\t\t<\/label>\n\t\t\t\t\t\t\t\t\t\t\t\t\t\t<input size=\"1\" type=\"text\" name=\"form_fields[field_7034907]\" id=\"form-field-field_7034907\" class=\"elementor-field elementor-size-md  elementor-field-textual\">\n\t\t\t\t\t\t\t\t\t\t\t<\/div>\n\t\t\t\t\t\t\t\t<div class=\"elementor-field-type-email elementor-field-group elementor-column elementor-field-group-email elementor-col-50 elementor-field-required elementor-mark-required\">\n\t\t\t\t\t\t\t\t\t\t\t\t<label for=\"form-field-email\" class=\"elementor-field-label\">\n\t\t\t\t\t\t\t\tEmail\t\t\t\t\t\t\t<\/label>\n\t\t\t\t\t\t\t\t\t\t\t\t\t\t<input size=\"1\" type=\"email\" name=\"form_fields[email]\" id=\"form-field-email\" class=\"elementor-field elementor-size-md  elementor-field-textual\" required=\"required\">\n\t\t\t\t\t\t\t\t\t\t\t<\/div>\n\t\t\t\t\t\t\t\t<div class=\"elementor-field-type-tel elementor-field-group elementor-column elementor-field-group-field_5a65374 elementor-col-50 elementor-field-required elementor-mark-required\">\n\t\t\t\t\t\t\t\t\t\t\t\t<label for=\"form-field-field_5a65374\" class=\"elementor-field-label\">\n\t\t\t\t\t\t\t\tNumer telefonu\t\t\t\t\t\t\t<\/label>\n\t\t\t\t\t\t\t\t<input size=\"1\" type=\"tel\" name=\"form_fields[field_5a65374]\" id=\"form-field-field_5a65374\" class=\"elementor-field elementor-size-md  elementor-field-textual\" required=\"required\" pattern=\"[0-9()#&amp;+*-=.]+\" title=\"Akceptowane s\u0105 jedynie cyfry i znaki telefoniczne (#,-,*).\">\n\n\t\t\t\t\t\t<\/div>\n\t\t\t\t\t\t\t\t<div class=\"elementor-field-type-textarea elementor-field-group elementor-column elementor-field-group-message elementor-col-100\">\n\t\t\t\t\t\t\t\t\t\t\t\t<label for=\"form-field-message\" class=\"elementor-field-label\">\n\t\t\t\t\t\t\t\tWiadomo\u015b\u0107\t\t\t\t\t\t\t<\/label>\n\t\t\t\t\t\t<textarea class=\"elementor-field-textual elementor-field  elementor-size-md\" name=\"form_fields[message]\" id=\"form-field-message\" rows=\"5\"><\/textarea>\t\t\t\t<\/div>\n\t\t\t\t\t\t\t\t<div class=\"elementor-field-group elementor-column elementor-field-type-submit elementor-col-100 e-form__buttons\">\n\t\t\t\t\t<button class=\"elementor-button elementor-size-md\" type=\"submit\">\n\t\t\t\t\t\t<span class=\"elementor-button-content-wrapper\">\n\t\t\t\t\t\t\t\t\t\t\t\t\t\t\t\t\t\t\t\t\t\t<span class=\"elementor-button-text\">Wy\u015blij wiadomo\u015b\u0107<\/span>\n\t\t\t\t\t\t\t\t\t\t\t\t\t<\/span>\n\t\t\t\t\t<\/button>\n\t\t\t\t<\/div>\n\t\t\t<\/div>\n\t\t<\/form>\n\t\t\t\t\t\t<\/div>\n\t\t\t\t<\/div>\n\t\t\t\t\t<\/div>\n\t\t\t\t<\/div>\n\t\t\t\t<\/div>\n\t\t","protected":false},"excerpt":{"rendered":"<p>Download Price List<\/p>\n","protected":false},"author":2,"featured_media":0,"parent":0,"menu_order":0,"comment_status":"closed","ping_status":"closed","template":"elementor_header_footer","meta":{"footnotes":""},"class_list":["post-2767","page","type-page","status-publish","hentry"],"yoast_head":"<!-- This site is optimized with the Yoast SEO plugin v27.3 - https:\/\/yoast.com\/product\/yoast-seo-wordpress\/ -->\n<title>Pobierz cennik - Narooma Machinery<\/title>\n<meta name=\"robots\" content=\"index, follow, max-snippet:-1, max-image-preview:large, max-video-preview:-1\" \/>\n<link rel=\"canonical\" href=\"https:\/\/naroomamachinery.ie\/pl\/pobierz-cennik\/\" \/>\n<meta property=\"og:locale\" content=\"pl_PL\" \/>\n<meta property=\"og:type\" content=\"article\" \/>\n<meta property=\"og:title\" content=\"Pobierz cennik - Narooma Machinery\" \/>\n<meta property=\"og:description\" content=\"Download Price List\" \/>\n<meta property=\"og:url\" content=\"https:\/\/naroomamachinery.ie\/pl\/pobierz-cennik\/\" \/>\n<meta property=\"og:site_name\" content=\"Narooma Machinery\" \/>\n<meta property=\"article:modified_time\" content=\"2026-02-02T18:28:25+00:00\" \/>\n<meta name=\"twitter:card\" content=\"summary_large_image\" \/>\n<script type=\"application\/ld+json\" class=\"yoast-schema-graph\">{\"@context\":\"https:\\\/\\\/schema.org\",\"@graph\":[{\"@type\":\"WebPage\",\"@id\":\"https:\\\/\\\/naroomamachinery.ie\\\/pl\\\/pobierz-cennik\\\/\",\"url\":\"https:\\\/\\\/naroomamachinery.ie\\\/pl\\\/pobierz-cennik\\\/\",\"name\":\"Pobierz cennik - Narooma Machinery\",\"isPartOf\":{\"@id\":\"https:\\\/\\\/naroomamachinery.ie\\\/pl\\\/#website\"},\"datePublished\":\"2026-01-15T06:08:24+00:00\",\"dateModified\":\"2026-02-02T18:28:25+00:00\",\"breadcrumb\":{\"@id\":\"https:\\\/\\\/naroomamachinery.ie\\\/pl\\\/pobierz-cennik\\\/#breadcrumb\"},\"inLanguage\":\"pl-PL\",\"potentialAction\":[{\"@type\":\"ReadAction\",\"target\":[\"https:\\\/\\\/naroomamachinery.ie\\\/pl\\\/pobierz-cennik\\\/\"]}]},{\"@type\":\"BreadcrumbList\",\"@id\":\"https:\\\/\\\/naroomamachinery.ie\\\/pl\\\/pobierz-cennik\\\/#breadcrumb\",\"itemListElement\":[{\"@type\":\"ListItem\",\"position\":1,\"name\":\"Home\",\"item\":\"https:\\\/\\\/naroomamachinery.ie\\\/pl\\\/\"},{\"@type\":\"ListItem\",\"position\":2,\"name\":\"Pobierz cennik\"}]},{\"@type\":\"WebSite\",\"@id\":\"https:\\\/\\\/naroomamachinery.ie\\\/pl\\\/#website\",\"url\":\"https:\\\/\\\/naroomamachinery.ie\\\/pl\\\/\",\"name\":\"Narooma Machinery\",\"description\":\"Ireland\",\"publisher\":{\"@id\":\"https:\\\/\\\/naroomamachinery.ie\\\/pl\\\/#organization\"},\"potentialAction\":[{\"@type\":\"SearchAction\",\"target\":{\"@type\":\"EntryPoint\",\"urlTemplate\":\"https:\\\/\\\/naroomamachinery.ie\\\/pl\\\/?s={search_term_string}\"},\"query-input\":{\"@type\":\"PropertyValueSpecification\",\"valueRequired\":true,\"valueName\":\"search_term_string\"}}],\"inLanguage\":\"pl-PL\"},{\"@type\":\"Organization\",\"@id\":\"https:\\\/\\\/naroomamachinery.ie\\\/pl\\\/#organization\",\"name\":\"Narooma Machinery\",\"url\":\"https:\\\/\\\/naroomamachinery.ie\\\/pl\\\/\",\"logo\":{\"@type\":\"ImageObject\",\"inLanguage\":\"pl-PL\",\"@id\":\"https:\\\/\\\/naroomamachinery.ie\\\/pl\\\/#\\\/schema\\\/logo\\\/image\\\/\",\"url\":\"https:\\\/\\\/naroomamachinery.ie\\\/wp-content\\\/uploads\\\/2025\\\/11\\\/cropped-Cralyn-Technology-Solutions-Inc.Title-1.png\",\"contentUrl\":\"https:\\\/\\\/naroomamachinery.ie\\\/wp-content\\\/uploads\\\/2025\\\/11\\\/cropped-Cralyn-Technology-Solutions-Inc.Title-1.png\",\"width\":264,\"height\":216,\"caption\":\"Narooma Machinery\"},\"image\":{\"@id\":\"https:\\\/\\\/naroomamachinery.ie\\\/pl\\\/#\\\/schema\\\/logo\\\/image\\\/\"}}]}<\/script>\n<!-- \/ Yoast SEO plugin. -->","yoast_head_json":{"title":"Pobierz cennik - Narooma Machinery","robots":{"index":"index","follow":"follow","max-snippet":"max-snippet:-1","max-image-preview":"max-image-preview:large","max-video-preview":"max-video-preview:-1"},"canonical":"https:\/\/naroomamachinery.ie\/pl\/pobierz-cennik\/","og_locale":"pl_PL","og_type":"article","og_title":"Pobierz cennik - Narooma Machinery","og_description":"Download Price List","og_url":"https:\/\/naroomamachinery.ie\/pl\/pobierz-cennik\/","og_site_name":"Narooma Machinery","article_modified_time":"2026-02-02T18:28:25+00:00","twitter_card":"summary_large_image","schema":{"@context":"https:\/\/schema.org","@graph":[{"@type":"WebPage","@id":"https:\/\/naroomamachinery.ie\/pl\/pobierz-cennik\/","url":"https:\/\/naroomamachinery.ie\/pl\/pobierz-cennik\/","name":"Pobierz cennik - Narooma Machinery","isPartOf":{"@id":"https:\/\/naroomamachinery.ie\/pl\/#website"},"datePublished":"2026-01-15T06:08:24+00:00","dateModified":"2026-02-02T18:28:25+00:00","breadcrumb":{"@id":"https:\/\/naroomamachinery.ie\/pl\/pobierz-cennik\/#breadcrumb"},"inLanguage":"pl-PL","potentialAction":[{"@type":"ReadAction","target":["https:\/\/naroomamachinery.ie\/pl\/pobierz-cennik\/"]}]},{"@type":"BreadcrumbList","@id":"https:\/\/naroomamachinery.ie\/pl\/pobierz-cennik\/#breadcrumb","itemListElement":[{"@type":"ListItem","position":1,"name":"Home","item":"https:\/\/naroomamachinery.ie\/pl\/"},{"@type":"ListItem","position":2,"name":"Pobierz cennik"}]},{"@type":"WebSite","@id":"https:\/\/naroomamachinery.ie\/pl\/#website","url":"https:\/\/naroomamachinery.ie\/pl\/","name":"Narooma Machinery","description":"Ireland","publisher":{"@id":"https:\/\/naroomamachinery.ie\/pl\/#organization"},"potentialAction":[{"@type":"SearchAction","target":{"@type":"EntryPoint","urlTemplate":"https:\/\/naroomamachinery.ie\/pl\/?s={search_term_string}"},"query-input":{"@type":"PropertyValueSpecification","valueRequired":true,"valueName":"search_term_string"}}],"inLanguage":"pl-PL"},{"@type":"Organization","@id":"https:\/\/naroomamachinery.ie\/pl\/#organization","name":"Narooma Machinery","url":"https:\/\/naroomamachinery.ie\/pl\/","logo":{"@type":"ImageObject","inLanguage":"pl-PL","@id":"https:\/\/naroomamachinery.ie\/pl\/#\/schema\/logo\/image\/","url":"https:\/\/naroomamachinery.ie\/wp-content\/uploads\/2025\/11\/cropped-Cralyn-Technology-Solutions-Inc.Title-1.png","contentUrl":"https:\/\/naroomamachinery.ie\/wp-content\/uploads\/2025\/11\/cropped-Cralyn-Technology-Solutions-Inc.Title-1.png","width":264,"height":216,"caption":"Narooma Machinery"},"image":{"@id":"https:\/\/naroomamachinery.ie\/pl\/#\/schema\/logo\/image\/"}}]}},"_links":{"self":[{"href":"https:\/\/naroomamachinery.ie\/pl\/wp-json\/wp\/v2\/pages\/2767","targetHints":{"allow":["GET"]}}],"collection":[{"href":"https:\/\/naroomamachinery.ie\/pl\/wp-json\/wp\/v2\/pages"}],"about":[{"href":"https:\/\/naroomamachinery.ie\/pl\/wp-json\/wp\/v2\/types\/page"}],"author":[{"embeddable":true,"href":"https:\/\/naroomamachinery.ie\/pl\/wp-json\/wp\/v2\/users\/2"}],"replies":[{"embeddable":true,"href":"https:\/\/naroomamachinery.ie\/pl\/wp-json\/wp\/v2\/comments?post=2767"}],"version-history":[{"count":1,"href":"https:\/\/naroomamachinery.ie\/pl\/wp-json\/wp\/v2\/pages\/2767\/revisions"}],"predecessor-version":[{"id":2768,"href":"https:\/\/naroomamachinery.ie\/pl\/wp-json\/wp\/v2\/pages\/2767\/revisions\/2768"}],"wp:attachment":[{"href":"https:\/\/naroomamachinery.ie\/pl\/wp-json\/wp\/v2\/media?parent=2767"}],"curies":[{"name":"wp","href":"https:\/\/api.w.org\/{rel}","templated":true}]}}